{"id":2456,"date":"2023-03-24T10:43:30","date_gmt":"2023-03-24T07:43:30","guid":{"rendered":"https:\/\/njk.ee\/?page_id=2456"},"modified":"2023-04-21T09:51:36","modified_gmt":"2023-04-21T06:51:36","slug":"andmekaitsetingimused","status":"publish","type":"page","link":"https:\/\/njk.ee\/ru\/andmekaitsetingimused\/","title":{"rendered":"ANDMEKAITSETINGIMUSED"},"content":{"rendered":"\n<p>Narva Linnavalitsuse ametiasutused koos nende hallatavate asutustega (edaspidi Narva linna asutused) kui kohaliku omavalitsuse \u00fcksus t\u00f6\u00f6tlevad isikuandmeid seaduse ja nende alusel antud \u00f5igusaktidega kohalikule omavalitsusele ja tema asutustele pandud \u00fclesannete t\u00e4itmiseks. Isikuandmete t\u00f6\u00f6tlemisel l\u00e4htume Euroopa Parlamendi ja N\u00f5ukogu M\u00e4\u00e4rusest (EL) 2016\/679, Isikuandmete kaitse seadusest, muudest andmekaitset reguleerivatest \u00f5igusaktidest, Andmekaitse Inspektsiooni juhistest. Narva linna asutused t\u00f6\u00f6tlevad isikuandmeid eelk\u00f5ige \u00f5igusaktidest tulenevate \u00fclesannete t\u00e4itmiseks ning \u00f5igusaktidega lubatud ulatuses.<\/p>\n\n\n\n<p>\u00dcksikasjalikuma teabe isikuandmete t\u00f6\u00f6tlemise kohta Narva linna asutustes leiate allj\u00e4rgnevatest andmekaitsetingimustest.<\/p>\n\n\n\n<p>Antud andmekaitsetingimustes m\u00f5iste \u201eTeie&#8221; v\u00f5i \u201eTe&#8221; all m\u00f5eldakse k\u00f5iki f\u00fc\u00fcsilisi isikuid, kes p\u00f6\u00f6rduvad Narva linna asutuste poole.<\/p>\n\n\n\n<p><strong>MILLISTEL JUHTUDEL ME T\u00d6\u00d6TLEME TEIE ISIKUANDMEID?<\/strong><\/p>\n\n\n\n<ol class=\"wp-block-list\">\n<li><strong>Te saadate meile taotluse, m\u00e4rgukirja, teaben\u00f5ude, p\u00f6\u00f6rdumise v\u00f5i muu<\/strong><\/li>\n<\/ol>\n\n\n\n<ul class=\"wp-block-list\">\n<li>Isikuandmete (n\u00e4iteks ees- ja perekonnanime, isikukoodi, s\u00fcnniaega, elukoha aadressi, kontaktandmete) t\u00f6\u00f6tlemise aluseks on \u00fcldjuhul Teie enda algatus meile taotluse, selgitustaotluse, m\u00e4rgukirja, teaben\u00f5ude v\u00f5i muu saatmisel. Sellisel juhul kasutame Teie isikuandmeid Teie taotluse lahendamise v\u00f5i Teile vastamise eesm\u00e4rgil.<\/li>\n\n\n\n<li><a href=\"https:\/\/www.riigiteataja.ee\/akt\/106082022020?leiaKehtiv\" target=\"_blank\" rel=\"noreferrer noopener\">Avaliku teabe seaduse<\/a>&nbsp;kohaselt peavad kirjavahetuse andmed olema n\u00e4htavad linna dokumendiregistri avalikus vaates, mist\u00f5ttu registreerime kirjad nimetatud registris.&nbsp;<\/li>\n\n\n\n<li>Eraisikust kirja saatja v\u00f5i saaja nime me ei avalikusta ning dokumendiregistri avalikus vaates on n\u00e4htavad \u00fcksnes eraisikust saatja v\u00f5i saaja nime initsiaalid.<\/li>\n\n\n\n<li>Juriidilise isiku v\u00f5i asutuse kontaktandmed on dokumendiregistris avalikud. Kui kirjutate meile juriidilise isiku v\u00f5i asutuse nimel, siis palume kasutada mitte oma era-, vaid t\u00f6\u00f6alaseid kontaktandmeid.&nbsp;<\/li>\n\n\n\n<li>Kui meile saadetud selgitustaotlusele\/ m\u00e4rgukirjale\/ teaben\u00f5udele v\u00f5i muule vastamine on teise asutuse p\u00e4devuses, siis edastame selle nimetatud asutusele ja teavitame Teid vastavast edastamisest.&nbsp;<\/li>\n\n\n\n<li>Kui peame Teie taotluse lahendamiseks tegema t\u00e4iendavaid j\u00e4relp\u00e4rimisi, avaldame Teie isikuandmeid \u00fcksnes minimaalses ulatuses, mis on selle eesm\u00e4rgi t\u00e4itmiseks vajalik.<\/li>\n\n\n\n<li>Juhul, kui Teie poolt saadetud kiri sisaldab avalikustamisele mittekuuluvaid andmeid, tunnistatakse see registrisse kandmisel asutusesiseseks kasutamiseks. Juurdep\u00e4\u00e4su piiramine s\u00f5ltub dokumendi sisust ning v\u00f5imalike juurdep\u00e4\u00e4supiirangute alused on toodud&nbsp;<a href=\"https:\/\/www.riigiteataja.ee\/akt\/104072017011?leiaKehtiv\" target=\"_blank\" rel=\"noreferrer noopener\">avaliku teabe seaduse<\/a>&nbsp;\u00a7-s 35.<\/li>\n<\/ul>\n\n\n\n<ol class=\"wp-block-list\" start=\"2\">\n<li><strong>Te esitate meile kaebuse\/ vaide v\u00f5i Teie peale kaevatakse<\/strong><\/li>\n<\/ol>\n\n\n\n<ul class=\"wp-block-list\">\n<li>Kui esitate meile kaebuse\/ vaide v\u00f5i Teie peale kaevatakse, kasutame Teie isikuandmeid nimetatud asja lahendamiseks. Teisele osapoolele avaldame kaebuse\/ vaide esitaja isikuandmeid \u00fcksnes minimaalselt, asja lahendamiseks h\u00e4davajalikus mahus.<\/li>\n\n\n\n<li>Kui meile saadetud kaebuse\/ vaide l\u00e4bivaatamine on teise asutuse p\u00e4devuses, siis edastame selle nimetatud asutusele ja teavitame Teid ka vastavast edastamisest.<\/li>\n\n\n\n<li>Menetlusdokumentide osapooltele k\u00e4ttetoimetamine toimub:\n<ul class=\"wp-block-list\">\n<li>e-posti teel v\u00f5i<\/li>\n\n\n\n<li>posti teel liht- v\u00f5i t\u00e4hitud kirjana (postirisk on postiteenuse osutajal ning kirja saajal).<\/li>\n<\/ul>\n<\/li>\n\n\n\n<li>Asja menetlemiseks ning dokumendi k\u00e4tte toimetamiseks kasutatakse aadressiandmeid, mida olete ise meile avaldanud v\u00f5i mis on k\u00e4ttesaadavad rahvastiku- v\u00f5i \u00e4riregistrist.<\/li>\n\n\n\n<li>Seaduse kohaselt on kaebuste\/ vaiete andmestik n\u00e4htav dokumendiregistri avalikus vaates, kus eraisikute andmeid me ei avalikusta. Avalikus vaates on n\u00e4htavad \u00fcksnes eraisiku nime initsiaalid.<\/li>\n<\/ul>\n\n\n\n<ol class=\"wp-block-list\" start=\"3\">\n<li><strong>Te olete eriseaduste menetluse osapooleks<\/strong><\/li>\n<\/ol>\n\n\n\n<ul class=\"wp-block-list\">\n<li>Eriseadustest tulenevalt on Narva linna asutustel teatud asjades kohtuv\u00e4lise menetleja \u00f5igused. V\u00e4\u00e4rteomenetlust reguleerib \u00fcksikasjalikult&nbsp;<a href=\"https:\/\/www.riigiteataja.ee\/akt\/130122017022?leiaKehtiv\" target=\"_blank\" rel=\"noreferrer noopener\">v\u00e4\u00e4rteomenetluse seadustik<\/a>&nbsp;koos&nbsp;<a href=\"https:\/\/www.riigiteataja.ee\/akt\/106012016019?leiaKehtiv\" target=\"_blank\" rel=\"noreferrer noopener\">kriminaalmenetluse seadustikuga<\/a>. Menetlusealune isik ja tema esindaja saavad materjalidega tutvuda menetlusseadustikus etten\u00e4htud korras. V\u00e4\u00e4rteoteate esitaja saab materjalidega tutvuda teaben\u00f5ude esitamisega arvestades kehtestatud juurdep\u00e4\u00e4supiiranguid.<\/li>\n<\/ul>\n\n\n\n<ol class=\"wp-block-list\" start=\"4\">\n<li><strong>Te k\u00fclastate meie v\u00f5rgulehti, osalete k\u00fcsitluses, helistate telefonile<\/strong><\/li>\n<\/ol>\n\n\n\n<ul class=\"wp-block-list\">\n<li>Narva linna asutuste veebilehtede kuvamisel kasutatakse k\u00fcpsiseid (cookies). K\u00fcpsised on vajalikud veebiportaalide sujuvaks ja mugavaks toimimiseks. Kasutajad saavad k\u00fcpsistest loobuda igal ajal, muutes kasutatava seadme veebilehitseja seadistusi ja kustutades salvestatud k\u00fcpsised.<\/li>\n\n\n\n<li>\u00dcritustele registreerimisel t\u00f6\u00f6tleme Teie isikuandmeid \u00fcritusel osalejate nimekirja koostamiseks ja vajadusel Teiega \u00fchenduse v\u00f5tmiseks.<\/li>\n\n\n\n<li>Telefonile helistamisel t\u00f6\u00f6tleme Teie isikuandmeid \u00fcksnes Teie poolt avaldatud ulatuses Teile info andmise eesm\u00e4rgil.&nbsp;<\/li>\n<\/ul>\n\n\n\n<ol class=\"wp-block-list\" start=\"5\">\n<li>&nbsp;<strong>Te k\u00fclastate Narva linna asutuste hooneid<\/strong><\/li>\n<\/ol>\n\n\n\n<ul class=\"wp-block-list\">\n<li>Narva linna asutuste haldushoonete \u00fcmbrusesse ja \u00fcldkasutatavatesse ruumidesse paigutanud valvekaamerate eesm\u00e4rk on tagada avalik kord, eelk\u00f5ige seal viibivate isikute turvalisus ja linnavara s\u00e4ilimine. Sellisel juhul paigutame valvekaamera m\u00f5jualale eelnevale alale n\u00e4htavale kohale sellest teavitava sildi.<\/li>\n\n\n\n<li>Salvestisi kasutame vaid korrarikkumiste v\u00f5i turvaintsidentide korral korrarikkuja tuvastamiseks, kahju tekitaja v\u00e4ljaselgitamiseks ja olukorra anal\u00fc\u00fcsimiseks.<\/li>\n\n\n\n<li>Salvestist s\u00e4ilitame v\u00e4hemalt \u00fcks kuu p\u00e4rast salvestamise p\u00e4eva, kuid mitte kauem kui \u00fcks aasta, kui seadusandluses ei ole s\u00e4testatud teisiti.&nbsp;&nbsp;<\/li>\n\n\n\n<li>Narva linna asutuste haldushoonete sissep\u00e4\u00e4sud v\u00f5ivad olla varustatud audio- ning videotuvastusega fonolukkudega. Isikute k\u00f5ne ja kujutist ei salvestata.<\/li>\n<\/ul>\n\n\n\n<ol class=\"wp-block-list\" start=\"6\">\n<li><strong>Te kandideerite meile t\u00f6\u00f6le<\/strong><\/li>\n<\/ol>\n\n\n\n<ul class=\"wp-block-list\">\n<li>T\u00f6\u00f6le kandideerimisel t\u00f6\u00f6tleme Teie poolt avaldatud isikuandmeid, et hinnata Teie sobivust vastavale teenistuskohale.<\/li>\n\n\n\n<li>Sobivuse hindamiseks kogume Teie kohta t\u00e4iendavat teavet avalikest allikatest. Teil on \u00f5igus saadud teabega tutvuda ja esitada omapoolsed selgitused-vastuv\u00e4ited.<\/li>\n\n\n\n<li>Eeldame, et kandideerimisdokumentides esitatud soovitajatele on kandideerija andnud n\u00f5usoleku enda kohta k\u00e4ivatele k\u00fcsimustele vastamiseks, samuti on soovitajad n\u00f5ustunud sellega, et me nende poole teabe saamiseks p\u00f6\u00f6rdume.<\/li>\n\n\n\n<li>Kandidaadi andmed on juurdep\u00e4\u00e4supiiranguga teave, millele kolmandad isikud saavad juurdep\u00e4\u00e4su ainult seaduses s\u00e4testatud juhtudel.<\/li>\n\n\n\n<li>&nbsp;<\/li>\n<\/ul>\n\n\n\n<p><strong>KES T\u00d6\u00d6TLEB TEIE ISIKUANDMEID?<\/strong><\/p>\n\n\n\n<ul class=\"wp-block-list\">\n<li>Isikuandmete&nbsp;<a href=\"https:\/\/ec.europa.eu\/info\/law\/law-topic\/data-protection\/reform\/rules-business-and-organisations\/obligations\/controller-processor\/what-data-controller-or-data-processor_et\" target=\"_blank\" rel=\"noreferrer noopener\">vastutav t\u00f6\u00f6tleja<\/a>&nbsp;on Narva linna asutus, kes vastutab konkreetse avaliku \u00fclesande, juriidilise kohustuse, lepingu t\u00e4itmise v\u00f5i muu tema p\u00e4devuses oleva \u00fclesanne t\u00e4itmise eest v\u00f5i kes on Teilt k\u00fcsinud n\u00f5usoleku andmete t\u00f6\u00f6tlemiseks. Teie isikuandmetele p\u00e4\u00e4sevad ligi ainult need asutuse teenistujad, kes kasutavad isikuandmeid teenistus\u00fclesannete t\u00e4itmiseks.&nbsp;<\/li>\n\n\n\n<li>Vastutav t\u00f6\u00f6tleja v\u00f5ib edastada isikuandmeid t\u00f6\u00f6tlemiseks volitatud t\u00f6\u00f6tlejale (n\u00e4iteks infos\u00fcsteemi pidajale), kellega linna asutus on s\u00f5lminud asjakohase lepingu. Volitatud t\u00f6\u00f6tleja peab j\u00e4rgima lepingus nimetatud eesm\u00e4rke ja viise ning linna asutuse juhiseid.<\/li>\n<\/ul>\n\n\n\n<p><strong>MILLAL EDASTAME TEIE ISIKUANDMEID?<\/strong><\/p>\n\n\n\n<ul class=\"wp-block-list\">\n<li>Narva linna asutuste t\u00f6\u00f6s avaldame isikuandmeid ainult asja menetlemiseks ning menetlusega seotud isikutele minimaalselt ehk asja lahendamiseks h\u00e4davajalikus ulatuses.<\/li>\n\n\n\n<li>Kui keegi tahab teaben\u00f5ude korras tutvuda dokumendiga, mis on juurdep\u00e4\u00e4supiiranguga, siis kontrollime, kas k\u00fcsitud dokumenti saab muutmata kujul v\u00e4ljastada v\u00f5i tuleb seda t\u00f6\u00f6delda nii, et juurdep\u00e4\u00e4supiiranguga teave ei satuks kolmandate isikute valdusesse. Juurdep\u00e4\u00e4su piiramine s\u00f5ltub dokumendi sisust.<\/li>\n\n\n\n<li>Vaatamata juurdep\u00e4\u00e4supiirangule v\u00e4ljastame dokumendi asutusele v\u00f5i isikule, kellel on otsene seadusest tulenev \u00f5iguslik alus seda k\u00fcsida (nt uurimisasutus, kohtuv\u00e4line menetleja v\u00f5i kohus).<\/li>\n<\/ul>\n\n\n\n<p><strong>KUIDAS S\u00c4ILITAME TEIE ISIKUANDMEID?<\/strong><\/p>\n\n\n\n<p>S\u00e4ilitame Teie andmeid kas:<\/p>\n\n\n\n<ul class=\"wp-block-list\">\n<li>dokumendi seadusest tuleneva s\u00e4ilitust\u00e4htaja m\u00f6\u00f6dumiseni v\u00f5i<\/li>\n\n\n\n<li>nii kaua, kui seda on vaja seadusest tuleneva \u00fclesande t\u00e4itmiseks, v\u00f5i<\/li>\n\n\n\n<li>seadusest tuleneva n\u00f5ude aegumist\u00e4htaja m\u00f6\u00f6dumiseni.<\/li>\n<\/ul>\n\n\n\n<p>Andmeid, millel ei ole arhiiviv\u00e4\u00e4rtust, t\u00f6\u00f6tleme s\u00e4ilitust\u00e4htaja m\u00f6\u00f6dumiseni. Arhiiviv\u00e4\u00e4rtuslikud andmed anname s\u00e4ilitamiseks \u00fcle arhiivi ning l\u00f5petame \u00fcleantud andmete t\u00f6\u00f6tlemise.<\/p>\n\n\n\n<p><strong>KUIDAS REAGEERIME ISIKUANDMETEGA SEOTUD RIKKUMISTELE?<\/strong><\/p>\n\n\n\n<ul class=\"wp-block-list\">\n<li>Kui toimub isikuandmetega seotud rikkumine ja see kujutab endast t\u00f5en\u00e4olist ohtu inimese \u00f5igustele ja vabadustele, siis teavitame rikkumisest Andmekaitse Inspektsiooni. V\u00f5tame kasutusele meetmed, et rikkumine koheselt lahendada.<\/li>\n\n\n\n<li>Kui rikkumise tulemusena tekib Teie \u00f5igustele ja vabadustele t\u00f5en\u00e4oliselt suur oht, siis teavitame sellest ka Teid. Teavituse eesm\u00e4rk on v\u00f5imaldada Teil endal v\u00f5tta vajalikke ettevaatusabin\u00f5usid olukorra leevendamiseks.<\/li>\n<\/ul>\n\n\n\n<p><strong>MILLISED ON TEIE \u00d5IGUSED?<\/strong><\/p>\n\n\n\n<ul class=\"wp-block-list\">\n<li>Teil on \u00f5igus tutvuda enda isikuandmetega, mida me Teie kohta oleme kogunud. Teie sellekohasele p\u00f6\u00f6rdumisele vastame hiljemalt \u00fche kuu jooksul. Narva linna asutusel on v\u00f5imalik vastamise t\u00e4htaega pikendada isikuandmete kaitse \u00fcldm\u00e4\u00e4ruse artikli 12 l\u00f5ike 3 alusel 60 p\u00e4eva v\u00f5rra, v\u00f5ttes arvesse p\u00e4ringule vastamise keerukust ja taotletavate andmete mahtu. Narva linna asutus teavitab Teid vastamise t\u00e4htaja pikendamisest ja viivituse p\u00f5hjustest 30 p\u00e4eva jooksul alates p\u00e4ringu saamisest. Kui Narva linna asutus keeldub p\u00e4ringule vastamisest, siis selgitab ta keeldumise aluseid ja p\u00f5hjuseid.<\/li>\n\n\n\n<li>Teie kohta andmed v\u00e4ljastame vastavalt Teie soovile kas paberil v\u00f5i elektrooniliselt. Isikuandmetega tutvumiseks peame olema veendunud, et tegemist on isikuga, kellel on \u00f5igus vastavaid andmeid saada. Nimetatud eesm\u00e4rgil on meil \u00f5igus n\u00f5uda Teie isiku tuvastamiseks vajaliku t\u00e4iendava teabe esitamist.<\/li>\n\n\n\n<li>Me keeldume Teie tutvumissoovi t\u00e4itmast \u00fcksnes siis, kui see v\u00f5ib:<\/li>\n\n\n\n<li>kahjustada teise isiku \u00f5igusi ja vabadusi;<\/li>\n\n\n\n<li>kahjustada riiklikku julgeolekut;<\/li>\n\n\n\n<li>takistada v\u00f5i kahjustada s\u00fc\u00fcteo t\u00f5kestamist, avastamist, menetlemist v\u00f5i karistuste t\u00e4ideviimist.<\/li>\n\n\n\n<li>Kui Teie isikuandmete t\u00f6\u00f6tlemise aluseks on Teie poolt eelnevalt antud n\u00f5usolek, on Teil \u00f5igus n\u00f5usolek igal ajal tagasi v\u00f5tta.<\/li>\n\n\n\n<li>Teil on \u00f5igus n\u00f5uda Teid puudutavate isikuandmete parandamist, kui need on muutunud v\u00f5i muul p\u00f5hjusel ebapiisavad, puudulikud v\u00f5i v\u00e4\u00e4rad. Lisaks on Teil \u00f5igus n\u00f5uda ka mittet\u00e4ielike isikuandmete t\u00e4iendamist tulenevalt konkreetse t\u00f6\u00f6tlemise eesm\u00e4rgist.<\/li>\n\n\n\n<li>Teil on \u00f5igus n\u00f5uda oma isikuandmete t\u00f6\u00f6tlemise piiramist v\u00f5i kustutamist teatud kindlatel juhtudel. Eelk\u00f5ige juhul, kui meil ei ole Teie isikuandmete t\u00f6\u00f6tlemiseks (enam) seaduslikku alust.&nbsp;&nbsp;<\/li>\n\n\n\n<li>Teie kui andmesubjekti \u00f5igused on t\u00e4psemalt s\u00e4testatud EL m\u00e4\u00e4ruse 2016\/679 artiklites 15-22, millega saate tutvuda&nbsp;<a href=\"http:\/\/eur-lex.europa.eu\/legal-content\/ET\/TXT\/HTML\/?uri=CELEX:32016R0679&amp;from=EN\" target=\"_blank\" rel=\"noreferrer noopener\">siin<\/a>.<\/li>\n\n\n\n<li>Teil on \u00f5igus esitada igal ajal vastuv\u00e4iteid meie otsuste ja tegevuse peale vaidena v\u00f5i p\u00f6\u00f6rduda halduskohtusse. Samuti on Teil \u00f5igus p\u00f6\u00f6rduda kaebusega Andmekaitse Inspektsiooni poole.<\/li>\n<\/ul>\n\n\n\n<p>Juriidiliste isikute ja teiste asutuste andmete hoidmist need selgitused ei puuduta. Samuti ei h\u00f5lma need isikuandmete t\u00f6\u00f6tlemist v\u00f5\u00f5rastel v\u00f5rgulehtedel, millele meie v\u00f5rgulehel viidatakse (v\u00e4lislingid).<\/p>\n\n\n\n<p>Isikuandmete t\u00f6\u00f6tlemise \u00f5igusp\u00e4rasuse eest vastutab ning teavet andmekaitsetingimuste ja andmet\u00f6\u00f6tlusprotsessi kohta annab Narva linna asutus, kes Teie isikuandmeid t\u00f6\u00f6tleb. Igas Narva linna asutuses on andmekaitse kontaktisik, kelle \u00fclesanne on koordineerida asutuse andmekaitsek\u00fcsimuste lahendamist. Linna asutusega seotud andmekaitsek\u00fcsimuse korral palume v\u00f5tta \u00fchendust asutuse \u00fcldisel e-posti aadressil.&nbsp;<\/p>\n\n\n\n<p>Linna andmekaitsespetsialistiga saab v\u00f5tta \u00fchendust e-posti aadressil\u00a0<a href=\"mailto:andmekaitse@narva.ee\">andmekaitse@narva.ee<\/a>.<\/p>\n\n\n\n<p>Link originaalile: <a href=\"https:\/\/www.narva.ee\/andmekaitsetingimused\">https:\/\/www.narva.ee\/andmekaitsetingimused<\/a><\/p>\n","protected":false},"excerpt":{"rendered":"<p>Narva Linnavalitsuse ametiasutused koos nende hallatavate asutustega (edaspidi Narva linna asutused) kui kohaliku omavalitsuse \u00fcksus t\u00f6\u00f6tlevad isikuandmeid seaduse ja nende alusel antud \u00f5igusaktidega kohalikule omavalitsusele ja tema asutustele pandud \u00fclesannete t\u00e4itmiseks. Isikuandmete t\u00f6\u00f6tlemisel l\u00e4htume Euroopa Parlamendi ja N\u00f5ukogu M\u00e4\u00e4rusest (EL) 2016\/679, Isikuandmete kaitse seadusest, muudest andmekaitset reguleerivatest \u00f5igusaktidest, Andmekaitse Inspektsiooni juhistest. Narva linna asutused t\u00f6\u00f6tlevad [&hellip;]<\/p>\n","protected":false},"author":1,"featured_media":0,"parent":0,"menu_order":0,"comment_status":"closed","ping_status":"closed","template":"","meta":{"footnotes":""},"class_list":["post-2456","page","type-page","status-publish","hentry"],"aioseo_notices":[],"_links":{"self":[{"href":"https:\/\/njk.ee\/ru\/wp-json\/wp\/v2\/pages\/2456"}],"collection":[{"href":"https:\/\/njk.ee\/ru\/wp-json\/wp\/v2\/pages"}],"about":[{"href":"https:\/\/njk.ee\/ru\/wp-json\/wp\/v2\/types\/page"}],"author":[{"embeddable":true,"href":"https:\/\/njk.ee\/ru\/wp-json\/wp\/v2\/users\/1"}],"replies":[{"embeddable":true,"href":"https:\/\/njk.ee\/ru\/wp-json\/wp\/v2\/comments?post=2456"}],"version-history":[{"count":3,"href":"https:\/\/njk.ee\/ru\/wp-json\/wp\/v2\/pages\/2456\/revisions"}],"predecessor-version":[{"id":2470,"href":"https:\/\/njk.ee\/ru\/wp-json\/wp\/v2\/pages\/2456\/revisions\/2470"}],"wp:attachment":[{"href":"https:\/\/njk.ee\/ru\/wp-json\/wp\/v2\/media?parent=2456"}],"curies":[{"name":"wp","href":"https:\/\/api.w.org\/{rel}","templated":true}]}}